{"id":2264,"date":"2020-10-06T21:53:42","date_gmt":"2020-10-06T19:53:42","guid":{"rendered":"https:\/\/storeonline.blenastor.com\/wordpress\/?post_type=product&#038;p=2264"},"modified":"2024-03-15T19:05:18","modified_gmt":"2024-03-15T18:05:18","slug":"body-splash-hype","status":"publish","type":"product","link":"https:\/\/storeonline.blenastor.com\/wordpress\/product\/body-splash-hype\/","title":{"rendered":"HYPE Body Splash Tender Love"},"content":{"rendered":"<p>Marca HYPE<\/p>\n<p>Tender Love &#8211; Fragancia Floral<\/p>\n<p>Tentadora mezcla de jazm\u00edn, jacintos y roc\u00edo de la ma\u00f1ana. Fragancia perfecta para seducir.<\/p>\n<p>Peso: 236ml<\/p>\n","protected":false},"excerpt":{"rendered":"<p>Marca HYPE<\/p>\n<p>Tender Love &#8211; Fragancia Floral<\/p>\n<p>Tentadora mezcla de jazm\u00edn, jacintos y roc\u00edo de la ma\u00f1ana. Fragancia perfecta para seducir.<\/p>\n<p>Peso: 236ml<\/p>\n","protected":false},"featured_media":2460,"comment_status":"open","ping_status":"closed","template":"","meta":[],"_links":{"self":[{"href":"https:\/\/storeonline.blenastor.com\/wordpress\/wp-json\/wp\/v2\/product\/2264"}],"collection":[{"href":"https:\/\/storeonline.blenastor.com\/wordpress\/wp-json\/wp\/v2\/product"}],"about":[{"href":"https:\/\/storeonline.blenastor.com\/wordpress\/wp-json\/wp\/v2\/types\/product"}],"replies":[{"embeddable":true,"href":"https:\/\/storeonline.blenastor.com\/wordpress\/wp-json\/wp\/v2\/comments?post=2264"}],"wp:featuredmedia":[{"embeddable":true,"href":"https:\/\/storeonline.blenastor.com\/wordpress\/wp-json\/wp\/v2\/media\/2460"}],"wp:attachment":[{"href":"https:\/\/storeonline.blenastor.com\/wordpress\/wp-json\/wp\/v2\/media?parent=2264"}],"curies":[{"name":"wp","href":"https:\/\/api.w.org\/{rel}","templated":true}]}}