{"id":2272,"date":"2020-10-06T22:13:39","date_gmt":"2020-10-06T20:13:39","guid":{"rendered":"https:\/\/storeonline.blenastor.com\/wordpress\/?post_type=product&#038;p=2272"},"modified":"2024-06-29T03:55:34","modified_gmt":"2024-06-29T01:55:34","slug":"body-lotion-tender-love","status":"publish","type":"product","link":"https:\/\/storeonline.blenastor.com\/wordpress\/product\/body-lotion-tender-love\/","title":{"rendered":"HYPE Body Lotion Tender Love"},"content":{"rendered":"<p>Marca HYPE<\/p>\n<p>Tender Love &#8211; Fragancia Floral<\/p>\n<p>Tentadora mezcla de jazm\u00edn, jacintos y roc\u00edo de la ma\u00f1ana. Fragancia perfecta para seducir.<\/p>\n<p>Peso: 236ml<\/p>\n","protected":false},"excerpt":{"rendered":"<p>Marca HYPE<\/p>\n<p>Tender Love &#8211; Fragancia Floral<\/p>\n<p>Tentadora mezcla de jazm\u00edn, jacintos y roc\u00edo de la ma\u00f1ana. Fragancia perfecta para seducir.<\/p>\n<p>Peso: 236ml<\/p>\n","protected":false},"featured_media":2450,"comment_status":"open","ping_status":"closed","template":"","meta":[],"_links":{"self":[{"href":"https:\/\/storeonline.blenastor.com\/wordpress\/wp-json\/wp\/v2\/product\/2272"}],"collection":[{"href":"https:\/\/storeonline.blenastor.com\/wordpress\/wp-json\/wp\/v2\/product"}],"about":[{"href":"https:\/\/storeonline.blenastor.com\/wordpress\/wp-json\/wp\/v2\/types\/product"}],"replies":[{"embeddable":true,"href":"https:\/\/storeonline.blenastor.com\/wordpress\/wp-json\/wp\/v2\/comments?post=2272"}],"wp:featuredmedia":[{"embeddable":true,"href":"https:\/\/storeonline.blenastor.com\/wordpress\/wp-json\/wp\/v2\/media\/2450"}],"wp:attachment":[{"href":"https:\/\/storeonline.blenastor.com\/wordpress\/wp-json\/wp\/v2\/media?parent=2272"}],"curies":[{"name":"wp","href":"https:\/\/api.w.org\/{rel}","templated":true}]}}