{"id":2277,"date":"2020-10-06T22:23:13","date_gmt":"2020-10-06T20:23:13","guid":{"rendered":"https:\/\/storeonline.blenastor.com\/wordpress\/?post_type=product&#038;p=2277"},"modified":"2024-03-10T15:48:06","modified_gmt":"2024-03-10T14:48:06","slug":"set-de-regalo-x-2-body-splash-body-lotion-tender-love","status":"publish","type":"product","link":"https:\/\/storeonline.blenastor.com\/wordpress\/product\/set-de-regalo-x-2-body-splash-body-lotion-tender-love\/","title":{"rendered":"HYPE Set de regalo x 2: Body Splash 236ml, Body Lotion Tender Love 236ml"},"content":{"rendered":"<p>Marca HYPE<\/p>\n<p>Tender Love &#8211; Fragancia Floral<\/p>\n<p>Tentadora mezcla de jazm\u00edn, jacintos y roc\u00edo de la ma\u00f1ana. Fragancia perfecta para seducir.<\/p>\n<p>Peso: 236ml individual<\/p>\n","protected":false},"excerpt":{"rendered":"<p>Marca HYPE<\/p>\n<p>Tender Love &#8211; Fragancia Floral<\/p>\n<p>Tentadora mezcla de jazm\u00edn, jacintos y roc\u00edo de la ma\u00f1ana. Fragancia perfecta para seducir.<\/p>\n<p>Peso: 236ml individual<\/p>\n","protected":false},"featured_media":2470,"comment_status":"open","ping_status":"closed","template":"","meta":[],"_links":{"self":[{"href":"https:\/\/storeonline.blenastor.com\/wordpress\/wp-json\/wp\/v2\/product\/2277"}],"collection":[{"href":"https:\/\/storeonline.blenastor.com\/wordpress\/wp-json\/wp\/v2\/product"}],"about":[{"href":"https:\/\/storeonline.blenastor.com\/wordpress\/wp-json\/wp\/v2\/types\/product"}],"replies":[{"embeddable":true,"href":"https:\/\/storeonline.blenastor.com\/wordpress\/wp-json\/wp\/v2\/comments?post=2277"}],"wp:featuredmedia":[{"embeddable":true,"href":"https:\/\/storeonline.blenastor.com\/wordpress\/wp-json\/wp\/v2\/media\/2470"}],"wp:attachment":[{"href":"https:\/\/storeonline.blenastor.com\/wordpress\/wp-json\/wp\/v2\/media?parent=2277"}],"curies":[{"name":"wp","href":"https:\/\/api.w.org\/{rel}","templated":true}]}}