{"id":2296,"date":"2020-10-06T23:34:12","date_gmt":"2020-10-06T21:34:12","guid":{"rendered":"https:\/\/storeonline.blenastor.com\/wordpress\/?post_type=product&#038;p=2296"},"modified":"2025-01-15T17:56:54","modified_gmt":"2025-01-15T16:56:54","slug":"set-esmalte-de-unas-viola","status":"publish","type":"product","link":"https:\/\/storeonline.blenastor.com\/wordpress\/product\/set-esmalte-de-unas-viola\/","title":{"rendered":"HYPE Set esmalte de u\u00f1as Viol\u00e1"},"content":{"rendered":"<p>Marca HYPE<\/p>\n<p>Los tonos claros de nuestra l\u00ednea Viol\u00e1, representan la elegancia del manicure franc\u00e9s.<\/p>\n<p>14 Blanco Nieve, 31 Durazno Bajo, 32 Blanco Novia, 35 Durazno Medio<\/p>\n<p>Peso: 0,30 oz individual<\/p>\n<p>Contenido de unidades: 4<\/p>\n","protected":false},"excerpt":{"rendered":"<p>Marca HYPE<\/p>\n<p>Los tonos claros de nuestra l\u00ednea Viol\u00e1, representan la elegancia del manicure franc\u00e9s.<\/p>\n<p>14 Blanco Nieve, 31 Durazno Bajo, 32 Blanco Novia, 35 Durazno Medio<\/p>\n<p>Peso: 0,30 oz individual<\/p>\n<p>Contenido de unidades: 4<\/p>\n","protected":false},"featured_media":2467,"comment_status":"open","ping_status":"closed","template":"","meta":[],"_links":{"self":[{"href":"https:\/\/storeonline.blenastor.com\/wordpress\/wp-json\/wp\/v2\/product\/2296"}],"collection":[{"href":"https:\/\/storeonline.blenastor.com\/wordpress\/wp-json\/wp\/v2\/product"}],"about":[{"href":"https:\/\/storeonline.blenastor.com\/wordpress\/wp-json\/wp\/v2\/types\/product"}],"replies":[{"embeddable":true,"href":"https:\/\/storeonline.blenastor.com\/wordpress\/wp-json\/wp\/v2\/comments?post=2296"}],"wp:featuredmedia":[{"embeddable":true,"href":"https:\/\/storeonline.blenastor.com\/wordpress\/wp-json\/wp\/v2\/media\/2467"}],"wp:attachment":[{"href":"https:\/\/storeonline.blenastor.com\/wordpress\/wp-json\/wp\/v2\/media?parent=2296"}],"curies":[{"name":"wp","href":"https:\/\/api.w.org\/{rel}","templated":true}]}}